{"id":3921,"date":"2018-09-05T23:52:48","date_gmt":"2018-09-05T23:52:48","guid":{"rendered":"https:\/\/stelem.com\/formation-a-la-restauration-de-bornes-dincendie\/"},"modified":"2022-03-21T16:48:25","modified_gmt":"2022-03-21T16:48:25","slug":"restoration-fire-hydrants","status":"publish","type":"page","link":"https:\/\/stelem.com\/en\/restoration-fire-hydrants\/","title":{"rendered":"RESTORATION FIRE HYDRANTS"},"content":{"rendered":"<div class=\"wpb-content-wrapper\"><p>[vc_row][vc_column width=&#8221;1\/2&#8243;][vc_column_text]<span style=\"font-size: 14pt;\"><strong>Training at the restoration for fire hydrants<\/strong><\/span><\/p>\n<blockquote><p>This training includes a practical part on the site dealing with the restoration and the handling of various fire hydrants. During the training, an approach of the following steps will be carried out on different brands and models of fire hydrants:<\/p><\/blockquote>\n<ul>\n<li>L\u2019art de l\u2019utilisation des outils sp\u00e9cifiques \u00e0 la restauration de bornes d\u2019incendie ;<\/li>\n<li>Le d\u00e9mant\u00e8lement du m\u00e9canisme sup\u00e9rieur et inf\u00e9rieur de la borne d\u2019incendie ;<\/li>\n<li>Le remplacement des joints toriques, garnitures et caoutchouc de vanne principale ;<\/li>\n<li>La reconnaissance ainsi que le remplacement des pi\u00e8ces d\u00e9fectueuses par des pi\u00e8ces d\u2019origine, si n\u00e9cessaire ;<\/li>\n<li>La lubrification des pi\u00e8ces avec une graisse non toxique;<\/li>\n<li>R\u00e9assemblage des bornes et essaie de celles-ci.<\/li>\n<\/ul>\n<p>[\/vc_column_text][\/vc_column][vc_column width=&#8221;1\/2&#8243;]<div class=\"thim-images-flex-slider  \"><ul class=\"slides\" data-count=\"3\"><li data-thumb=\"https:\/\/stelem.com\/wp-content\/uploads\/2018\/09\/f3-300x225.jpg\"><img loading=\"lazy\" decoding=\"async\" width=\"1024\" height=\"768\" src=\"https:\/\/stelem.com\/wp-content\/uploads\/2018\/09\/f3.jpg\" class=\"attachment-full size-full\" alt=\"Formation \u00e0 la restauration de bornes d\u2019incendie\" srcset=\"https:\/\/stelem.com\/wp-content\/uploads\/2018\/09\/f3.jpg 1024w, https:\/\/stelem.com\/wp-content\/uploads\/2018\/09\/f3-300x225.jpg 300w, https:\/\/stelem.com\/wp-content\/uploads\/2018\/09\/f3-768x576.jpg 768w, https:\/\/stelem.com\/wp-content\/uploads\/2018\/09\/f3-600x450.jpg 600w\" sizes=\"auto, (max-width: 1024px) 100vw, 1024px\" \/><\/li><li data-thumb=\"https:\/\/stelem.com\/wp-content\/uploads\/2018\/09\/f2-300x225.jpg\"><img loading=\"lazy\" decoding=\"async\" width=\"1024\" height=\"768\" src=\"https:\/\/stelem.com\/wp-content\/uploads\/2018\/09\/f2.jpg\" class=\"attachment-full size-full\" alt=\"Formation \u00e0 la restauration de bornes d\u2019incendie\" srcset=\"https:\/\/stelem.com\/wp-content\/uploads\/2018\/09\/f2.jpg 1024w, https:\/\/stelem.com\/wp-content\/uploads\/2018\/09\/f2-300x225.jpg 300w, https:\/\/stelem.com\/wp-content\/uploads\/2018\/09\/f2-768x576.jpg 768w, https:\/\/stelem.com\/wp-content\/uploads\/2018\/09\/f2-600x450.jpg 600w\" sizes=\"auto, (max-width: 1024px) 100vw, 1024px\" \/><\/li><li data-thumb=\"https:\/\/stelem.com\/wp-content\/uploads\/2018\/09\/f1-300x225.jpg\"><img loading=\"lazy\" decoding=\"async\" width=\"1024\" height=\"768\" src=\"https:\/\/stelem.com\/wp-content\/uploads\/2018\/09\/f1.jpg\" class=\"attachment-full size-full\" alt=\"Formation \u00e0 la restauration de bornes d\u2019incendie\" srcset=\"https:\/\/stelem.com\/wp-content\/uploads\/2018\/09\/f1.jpg 1024w, https:\/\/stelem.com\/wp-content\/uploads\/2018\/09\/f1-300x225.jpg 300w, https:\/\/stelem.com\/wp-content\/uploads\/2018\/09\/f1-768x576.jpg 768w, https:\/\/stelem.com\/wp-content\/uploads\/2018\/09\/f1-600x450.jpg 600w\" sizes=\"auto, (max-width: 1024px) 100vw, 1024px\" \/><\/li><\/ul><\/div>[\/vc_column][\/vc_row][vc_row][vc_column][\/vc_column][\/vc_row][vc_row][vc_column][vc_column_text][\/vc_column_text][\/vc_column][\/vc_row]<\/p>\n<\/div>","protected":false},"excerpt":{"rendered":"<p>[vc_row][vc_column width=&#8221;1\/2&#8243;][vc_column_text]Training at the restoration for fire hydrants<br \/>\nThis training includes a practical part on the site dealing with the restoration and the handling of various fire hydrants. During the training, an approach of the following steps will be carried out on different brands and models of fire hydrants:<br \/>\n<br \n<\/p>\n","protected":false},"author":1,"featured_media":0,"parent":0,"menu_order":0,"comment_status":"closed","ping_status":"closed","template":"","meta":{"footnotes":""},"class_list":["post-3921","page","type-page","status-publish","hentry"],"aioseo_notices":[],"_links":{"self":[{"href":"https:\/\/stelem.com\/en\/wp-json\/wp\/v2\/pages\/3921","targetHints":{"allow":["GET"]}}],"collection":[{"href":"https:\/\/stelem.com\/en\/wp-json\/wp\/v2\/pages"}],"about":[{"href":"https:\/\/stelem.com\/en\/wp-json\/wp\/v2\/types\/page"}],"author":[{"embeddable":true,"href":"https:\/\/stelem.com\/en\/wp-json\/wp\/v2\/users\/1"}],"replies":[{"embeddable":true,"href":"https:\/\/stelem.com\/en\/wp-json\/wp\/v2\/comments?post=3921"}],"version-history":[{"count":2,"href":"https:\/\/stelem.com\/en\/wp-json\/wp\/v2\/pages\/3921\/revisions"}],"predecessor-version":[{"id":3923,"href":"https:\/\/stelem.com\/en\/wp-json\/wp\/v2\/pages\/3921\/revisions\/3923"}],"wp:attachment":[{"href":"https:\/\/stelem.com\/en\/wp-json\/wp\/v2\/media?parent=3921"}],"curies":[{"name":"wp","href":"https:\/\/api.w.org\/{rel}","templated":true}]}}